{"id":67360,"date":"2018-04-06T19:06:12","date_gmt":"2018-04-06T19:06:12","guid":{"rendered":"http:\/\/restaurantehumus.com\/?page_id=67360"},"modified":"2019-12-23T12:11:48","modified_gmt":"2019-12-23T12:11:48","slug":"nuestros-productos","status":"publish","type":"page","link":"https:\/\/restaurantehumus.com\/de\/nuestros-productos","title":{"rendered":"Unsere Produkte"},"content":{"rendered":"<p>[vc_row unlock_row_content=&#8220;yes&#8220; row_height_percent=&#8220;0&#8243; override_padding=&#8220;yes&#8220; h_padding=&#8220;0&#8243; top_padding=&#8220;0&#8243; bottom_padding=&#8220;0&#8243; overlay_alpha=&#8220;50&#8243; gutter_size=&#8220;3&#8243; column_width_percent=&#8220;100&#8243; shift_y=&#8220;0&#8243; z_index=&#8220;0&#8243;][vc_column width=&#8220;1\/1&#8243;]\n\t\t\t<!-- START Nuestros Productos DE REVOLUTION SLIDER 6.1.5 --><p class=\"rs-p-wp-fix\"><\/p>\n\t\t\t<rs-module-wrap id=\"rev_slider_58_3_wrapper\" data-source=\"gallery\" style=\"background:transparent;padding:0;margin:0px auto;margin-top:0;margin-bottom:0;\">\n\t\t\t\t<rs-module id=\"rev_slider_58_3\" style=\"display:none;\" data-version=\"6.1.5\">\n\t\t\t\t\t<rs-slides>\n\t\t\t\t\t\t<rs-slide data-key=\"rs-96\" data-title=\"Slide\" data-anim=\"ei:d;eo:d;s:600;r:0;t:fade;sl:d;\">\n\t\t\t\t\t\t\t<img src=\"data:image\/gif;base64,R0lGODdhAQABAPAAAP\/\/\/wAAACwAAAAAAQABAEACAkQBADs=\" data-lazy-src=\"\/\/restaurantehumus.com\/wp-content\/uploads\/2018\/04\/carnes.humus-5.jpg\" title=\"Unsere Produkte\" data-bg=\"p:center bottom;\" data-panzoom=\"d:10000;e:Power1.easeOut;ss:110;se:100;\" class=\"rev-slidebg\" data-no-retina><noscript><img src=\"\/\/restaurantehumus.com\/wp-content\/uploads\/2018\/04\/carnes.humus-5.jpg\" title=\"Unsere Produkte\" data-bg=\"p:center bottom;\" data-panzoom=\"d:10000;e:Power1.easeOut;ss:110;se:100;\" class=\"rev-slidebg\" data-no-retina><\/noscript>\n<!--\n\t\t\t\t\t\t\t--><rs-layer\n\t\t\t\t\t\t\t\tid=\"slider-58-slide-96-layer-15\" \n\t\t\t\t\t\t\t\tdata-type=\"image\"\n\t\t\t\t\t\t\t\tdata-rsp_ch=\"on\"\n\t\t\t\t\t\t\t\tdata-xy=\"x:c;y:m;\"\n\t\t\t\t\t\t\t\tdata-text=\"l:22;a:inherit;\"\n\t\t\t\t\t\t\t\tdata-dim=\"w:['2500px','2500px','2500px','2500px'];h:['5000px','5000px','5000px','5000px'];\"\n\t\t\t\t\t\t\t\tdata-frame_0=\"tp:600;\"\n\t\t\t\t\t\t\t\tdata-frame_1=\"tp:600;sR:10;\"\n\t\t\t\t\t\t\t\tdata-frame_999=\"o:0;tp:600;st:w;sR:8690;\"\n\t\t\t\t\t\t\t\tstyle=\"z-index:5;\"\n\t\t\t\t\t\t\t><img src=\"data:image\/gif;base64,R0lGODdhAQABAPAAAP\/\/\/wAAACwAAAAAAQABAEACAkQBADs=\" data-lazy-src=\"\/\/restaurantehumus.com\/wp-content\/uploads\/2017\/11\/Overlay-Black.png\" width=\"2500\" height=\"5000\" data-no-retina><noscript><img src=\"\/\/restaurantehumus.com\/wp-content\/uploads\/2017\/11\/Overlay-Black.png\" width=\"2500\" height=\"5000\" data-no-retina><\/noscript> \n\t\t\t\t\t\t\t<\/rs-layer><!--\n\n\t\t\t\t\t\t\t--><rs-layer\n\t\t\t\t\t\t\t\tid=\"slider-58-slide-96-layer-17\" \n\t\t\t\t\t\t\t\tdata-type=\"image\"\n\t\t\t\t\t\t\t\tdata-rsp_ch=\"on\"\n\t\t\t\t\t\t\t\tdata-xy=\"x:c;y:m;yo:0,0,0,1px;\"\n\t\t\t\t\t\t\t\tdata-text=\"l:22;a:inherit;\"\n\t\t\t\t\t\t\t\tdata-dim=\"w:['2500px','2500px','2500px','2500px'];h:['5000px','5000px','5000px','5000px'];\"\n\t\t\t\t\t\t\t\tdata-frame_0=\"tp:600;\"\n\t\t\t\t\t\t\t\tdata-frame_1=\"tp:600;sR:10;\"\n\t\t\t\t\t\t\t\tdata-frame_999=\"o:0;tp:600;st:w;sR:8690;\"\n\t\t\t\t\t\t\t\tstyle=\"z-index:6;\"\n\t\t\t\t\t\t\t><img src=\"data:image\/gif;base64,R0lGODdhAQABAPAAAP\/\/\/wAAACwAAAAAAQABAEACAkQBADs=\" data-lazy-src=\"\/\/restaurantehumus.com\/wp-content\/uploads\/2017\/11\/Overlay-Black.png\" width=\"2500\" height=\"5000\" data-no-retina><noscript><img src=\"\/\/restaurantehumus.com\/wp-content\/uploads\/2017\/11\/Overlay-Black.png\" width=\"2500\" height=\"5000\" data-no-retina><\/noscript> \n\t\t\t\t\t\t\t<\/rs-layer><!--\n\n\t\t\t\t\t\t\t--><rs-layer\n\t\t\t\t\t\t\t\tid=\"slider-58-slide-96-layer-13\" \n\t\t\t\t\t\t\t\tclass=\"Gym-SmallText\"\n\t\t\t\t\t\t\t\tdata-type=\"text\"\n\t\t\t\t\t\t\t\tdata-rsp_ch=\"on\"\n\t\t\t\t\t\t\t\tdata-xy=\"x:c;y:m;\"\n\t\t\t\t\t\t\t\tdata-text=\"s:75,75,75,60;l:80,80,80,60;fw:600,600,600,700;a:inherit;\"\n\t\t\t\t\t\t\t\tdata-dim=\"w:917px,917px,917px,357px;h:162px,162px,162px,auto;\"\n\t\t\t\t\t\t\t\tdata-frame_0=\"o:1;tp:600;\"\n\t\t\t\t\t\t\t\tdata-frame_0_chars=\"o:0;\"\n\t\t\t\t\t\t\t\tdata-frame_1=\"tp:600;e:Power2.easeInOut;sp:2000;sR:10;\"\n\t\t\t\t\t\t\t\tdata-frame_999=\"y:100%;tp:600;e:Power1.easeInOut;st:w;sp:2000;sR:4890;\"\n\t\t\t\t\t\t\t\tdata-frame_999_mask=\"u:t;\"\n\t\t\t\t\t\t\t\tstyle=\"z-index:7;font-family:'Playfair Display', serif;text-shadow:none;\"\n\t\t\t\t\t\t\t>Unsere Priorit\u00e4t ist die<br>Auswahl des Rohmaterials \n\t\t\t\t\t\t\t<\/rs-layer><!--\n-->\t\t\t\t\t\t<\/rs-slide>\n\t\t\t\t\t<\/rs-slides>\n\t\t\t\t\t<rs-progress class=\"rs-bottom\" style=\"visibility: hidden !important;\"><\/rs-progress>\n\t\t\t\t<\/rs-module>\n\t\t\t\t<script type=\"text\/javascript\">\n\t\t\t\t\tsetREVStartSize({c: 'rev_slider_58_3',rl:[1240,1024,778,480],el:[],gw:[1240,1240,1240,1240],gh:[600,600,600,600],layout:'fullwidth',mh:\"0\"});\n\t\t\t\t\tvar\trevapi58,\n\t\t\t\t\t\ttpj;\n\t\t\t\t\tjQuery(function() {\n\t\t\t\t\t\ttpj = jQuery;\n\t\t\t\t\t\tif(tpj(\"#rev_slider_58_3\").revolution == undefined){\n\t\t\t\t\t\t\trevslider_showDoubleJqueryError(\"#rev_slider_58_3\");\n\t\t\t\t\t\t}else{\n\t\t\t\t\t\t\trevapi58 = tpj(\"#rev_slider_58_3\").show().revolution({\n\t\t\t\t\t\t\t\tjsFileLocation:\"\/\/restaurantehumus.com\/wp-content\/plugins\/revslider\/public\/assets\/js\/\",\n\t\t\t\t\t\t\t\tsliderLayout:\"fullwidth\",\n\t\t\t\t\t\t\t\tvisibilityLevels:\"1240,1024,778,480\",\n\t\t\t\t\t\t\t\tgridwidth:\"1240,1240,1240,1240\",\n\t\t\t\t\t\t\t\tgridheight:\"600,600,600,600\",\n\t\t\t\t\t\t\t\tminHeight:\"\",\n\t\t\t\t\t\t\t\tresponsiveLevels:\"1240,1024,778,480\",\n\t\t\t\t\t\t\t\tdisableProgressBar:\"on\",\n\t\t\t\t\t\t\t\tnavigation: {\n\t\t\t\t\t\t\t\t\tmouseScrollNavigation:false,\n\t\t\t\t\t\t\t\t\tonHoverStop:false,\n\t\t\t\t\t\t\t\t\ttouch: {\n\t\t\t\t\t\t\t\t\t\ttouchenabled:true\n\t\t\t\t\t\t\t\t\t}\n\t\t\t\t\t\t\t\t},\n\t\t\t\t\t\t\t\tviewPort: {\n\t\t\t\t\t\t\t\t\tenable:true,\n\t\t\t\t\t\t\t\t\tvisible_area:\"20%\"\n\t\t\t\t\t\t\t\t},\n\t\t\t\t\t\t\t\tfallbacks: {\n\t\t\t\t\t\t\t\t\tallowHTML5AutoPlayOnAndroid:true\n\t\t\t\t\t\t\t\t},\n\t\t\t\t\t\t\t});\n\t\t\t\t\t\t}\n\t\t\t\t\t\t\n\t\t\t\t\t});\n\t\t\t\t<\/script>\n\t\t\t\t<script>\n\t\t\t\t\tvar htmlDivCss = unescape(\"%23slide-81-layer-13%20.tp-linesplit%7B%0A%09%0A%09text-align%3Acenter%20%21important%3B%0A%7D\");\n\t\t\t\t\tvar htmlDiv = document.getElementById('rs-plugin-settings-inline-css');\n\t\t\t\t\tif(htmlDiv) {\n\t\t\t\t\t\thtmlDiv.innerHTML = htmlDiv.innerHTML + htmlDivCss;\n\t\t\t\t\t}else{\n\t\t\t\t\t\tvar htmlDiv = document.createElement('div');\n\t\t\t\t\t\thtmlDiv.innerHTML = '<style>' + htmlDivCss + '<\/style>';\n\t\t\t\t\t\tdocument.getElementsByTagName('head')[0].appendChild(htmlDiv.childNodes[0]);\n\t\t\t\t\t}\n\t\t\t\t<\/script>\n\t\t\t<\/rs-module-wrap>\n\t\t\t<!-- END REVOLUTION SLIDER -->\n[\/vc_column][\/vc_row][vc_row row_height_percent=&#8220;0&#8243; override_padding=&#8220;yes&#8220; h_padding=&#8220;2&#8243; top_padding=&#8220;2&#8243; bottom_padding=&#8220;2&#8243; overlay_alpha=&#8220;50&#8243; gutter_size=&#8220;3&#8243; column_width_percent=&#8220;100&#8243; shift_y=&#8220;0&#8243; z_index=&#8220;0&#8243;][vc_column column_width_use_pixel=&#8220;yes&#8220; align_horizontal=&#8220;align_center&#8220; font_family=&#8220;font-202503&#8243; overlay_alpha=&#8220;50&#8243; gutter_size=&#8220;3&#8243; medium_width=&#8220;0&#8243; align_mobile=&#8220;align_center_mobile&#8220; mobile_width=&#8220;0&#8243; shift_x=&#8220;0&#8243; shift_y=&#8220;0&#8243; shift_y_down=&#8220;0&#8243; z_index=&#8220;0&#8243; width=&#8220;1\/1&#8243; column_width_pixel=&#8220;800&#8243;][vc_row_inner][vc_column_inner column_width_percent=&#8220;100&#8243; align_horizontal=&#8220;align_center&#8220; gutter_size=&#8220;2&#8243; overlay_alpha=&#8220;50&#8243; medium_width=&#8220;0&#8243; mobile_width=&#8220;0&#8243; shift_x=&#8220;0&#8243; shift_y=&#8220;0&#8243; shift_y_down=&#8220;0&#8243; z_index=&#8220;0&#8243; width=&#8220;1\/1&#8243;][vc_custom_heading heading_semantic=&#8220;h6&#8243; text_size=&#8220;fontsize-155944&#8243; text_space=&#8220;fontspace-111509&#8243; text_font=&#8220;font-202503&#8243; text_weight=&#8220;300&#8243; text_color=&#8220;color-wvjs&#8220;]\u3030[\/vc_custom_heading][vc_custom_heading heading_semantic=&#8220;h1&#8243; text_size=&#8220;h1&#8243; text_space=&#8220;fontspace-111509&#8243; text_font=&#8220;font-202503&#8243; text_weight=&#8220;300&#8243;]Unsere Rices[\/vc_custom_heading][\/vc_column_inner][\/vc_row_inner][vc_column_text text_lead=&#8220;yes&#8220;]Spezialisiert auf mehr als 15 Arten von Reis: Cald Fisch und Meeresfr\u00fcchte Reis, Reis mit Carabineros, Reis mit Hummer, Arroz a Banda mit Krebsen, Reisbr\u00fche, unter anderen Arten von Reis&#8230;[\/vc_column_text][\/vc_column][\/vc_row][vc_row unlock_row_content=&#8220;yes&#8220; row_height_percent=&#8220;80&#8243; override_padding=&#8220;yes&#8220; h_padding=&#8220;0&#8243; top_padding=&#8220;2&#8243; bottom_padding=&#8220;2&#8243; overlay_alpha=&#8220;50&#8243; gutter_size=&#8220;3&#8243; column_width_percent=&#8220;100&#8243; shift_y=&#8220;0&#8243; z_index=&#8220;0&#8243;][vc_column column_width_percent=&#8220;100&#8243; align_horizontal=&#8220;align_center&#8220; expand_height=&#8220;yes&#8220; back_image=&#8220;67636&#8243; back_position=&#8220;center center&#8220; parallax=&#8220;yes&#8220; overlay_color=&#8220;color-jevc&#8220; overlay_alpha=&#8220;35&#8243; gutter_size=&#8220;3&#8243; medium_width=&#8220;0&#8243; mobile_width=&#8220;0&#8243; shift_x=&#8220;0&#8243; shift_y=&#8220;0&#8243; shift_y_down=&#8220;0&#8243; z_index=&#8220;0&#8243; width=&#8220;1\/1&#8243; mobile_height=&#8220;400&#8243;][\/vc_column][\/vc_row][vc_row row_height_percent=&#8220;0&#8243; override_padding=&#8220;yes&#8220; h_padding=&#8220;2&#8243; top_padding=&#8220;2&#8243; bottom_padding=&#8220;2&#8243; overlay_alpha=&#8220;50&#8243; gutter_size=&#8220;3&#8243; column_width_percent=&#8220;100&#8243; shift_y=&#8220;0&#8243; z_index=&#8220;0&#8243;][vc_column column_width_use_pixel=&#8220;yes&#8220; align_horizontal=&#8220;align_center&#8220; font_family=&#8220;font-202503&#8243; overlay_alpha=&#8220;50&#8243; gutter_size=&#8220;3&#8243; medium_width=&#8220;0&#8243; align_mobile=&#8220;align_center_mobile&#8220; mobile_width=&#8220;0&#8243; shift_x=&#8220;0&#8243; shift_y=&#8220;0&#8243; shift_y_down=&#8220;0&#8243; z_index=&#8220;0&#8243; width=&#8220;1\/1&#8243; column_width_pixel=&#8220;800&#8243;][vc_custom_heading heading_semantic=&#8220;h6&#8243; text_size=&#8220;fontsize-155944&#8243; text_space=&#8220;fontspace-111509&#8243; text_font=&#8220;font-202503&#8243; text_weight=&#8220;300&#8243; text_color=&#8220;color-wvjs&#8220;]\u3030[\/vc_custom_heading][vc_column_text text_lead=&#8220;yes&#8220;]In unseren Gerichten verwenden wir die besten galicischen Produkte, ausschlie\u00dflich von Rindern, die auf traditionelle und nat\u00fcrliche Art und Weise erzogen werden, die wir selbst ausw\u00e4hlen.<\/p>\n<p>Auch Fleisch von h\u00f6chster Qualit\u00e4t wie das von <em><strong>Wagyu<\/strong><\/em>, einer der gesch\u00e4tztesten und erlesensten der Welt, zart und saftig, dessen Fett f\u00fcr den menschlichen Verzehr rigoros gesund ist, da es einen hohen Anteil an \u00d6ls\u00e4ure oder Linols\u00e4ure enth\u00e4lt, die mit Omega 3 konjugiert sind , 6 und 9, die helfen, Herz-Kreislauf-Erkrankungen zu verhindern.[\/vc_column_text][\/vc_column][\/vc_row][vc_row unlock_row_content=&#8220;yes&#8220; row_height_percent=&#8220;80&#8243; override_padding=&#8220;yes&#8220; h_padding=&#8220;0&#8243; top_padding=&#8220;2&#8243; bottom_padding=&#8220;2&#8243; overlay_alpha=&#8220;50&#8243; gutter_size=&#8220;3&#8243; column_width_percent=&#8220;100&#8243; shift_y=&#8220;0&#8243; z_index=&#8220;0&#8243;][vc_column column_width_percent=&#8220;100&#8243; align_horizontal=&#8220;align_center&#8220; expand_height=&#8220;yes&#8220; back_image=&#8220;67487&#8243; back_position=&#8220;center bottom&#8220; parallax=&#8220;yes&#8220; overlay_color=&#8220;color-jevc&#8220; overlay_alpha=&#8220;35&#8243; gutter_size=&#8220;3&#8243; medium_width=&#8220;0&#8243; mobile_width=&#8220;0&#8243; shift_x=&#8220;0&#8243; shift_y=&#8220;0&#8243; shift_y_down=&#8220;0&#8243; z_index=&#8220;0&#8243; width=&#8220;1\/1&#8243; mobile_height=&#8220;400&#8243;][\/vc_column][\/vc_row][vc_row row_height_percent=&#8220;0&#8243; override_padding=&#8220;yes&#8220; h_padding=&#8220;2&#8243; top_padding=&#8220;2&#8243; bottom_padding=&#8220;2&#8243; overlay_alpha=&#8220;50&#8243; gutter_size=&#8220;3&#8243; column_width_percent=&#8220;100&#8243; shift_y=&#8220;0&#8243; z_index=&#8220;0&#8243;][vc_column column_width_use_pixel=&#8220;yes&#8220; align_horizontal=&#8220;align_center&#8220; font_family=&#8220;font-202503&#8243; overlay_alpha=&#8220;50&#8243; gutter_size=&#8220;3&#8243; medium_width=&#8220;0&#8243; align_mobile=&#8220;align_center_mobile&#8220; mobile_width=&#8220;0&#8243; shift_x=&#8220;0&#8243; shift_y=&#8220;0&#8243; shift_y_down=&#8220;0&#8243; z_index=&#8220;0&#8243; width=&#8220;1\/1&#8243; column_width_pixel=&#8220;800&#8243;][vc_row_inner][vc_column_inner column_width_percent=&#8220;100&#8243; align_horizontal=&#8220;align_center&#8220; gutter_size=&#8220;2&#8243; overlay_alpha=&#8220;50&#8243; medium_width=&#8220;0&#8243; mobile_width=&#8220;0&#8243; shift_x=&#8220;0&#8243; shift_y=&#8220;0&#8243; shift_y_down=&#8220;0&#8243; z_index=&#8220;0&#8243; width=&#8220;1\/1&#8243;][vc_custom_heading heading_semantic=&#8220;h6&#8243; text_size=&#8220;fontsize-155944&#8243; text_space=&#8220;fontspace-111509&#8243; text_font=&#8220;font-202503&#8243; text_weight=&#8220;300&#8243; text_color=&#8220;color-wvjs&#8220;]\u3030[\/vc_custom_heading][vc_custom_heading heading_semantic=&#8220;h1&#8243; text_size=&#8220;h1&#8243; text_space=&#8220;fontspace-111509&#8243; text_font=&#8220;font-202503&#8243; text_weight=&#8220;300&#8243;]Lokaler Fisch und galizische Meeresfr\u00fcchte[\/vc_custom_heading][\/vc_column_inner][\/vc_row_inner][vc_column_text text_lead=&#8220;yes&#8220;]Sehr frischer Fisch und erarbeitete mit Meisterschaft, einen sehr nat\u00fcrlichen Geschmack behaltend, der die Qualit\u00e4t des Fisches anzeigt.[\/vc_column_text][\/vc_column][\/vc_row][vc_row unlock_row_content=&#8220;yes&#8220; row_height_percent=&#8220;80&#8243; override_padding=&#8220;yes&#8220; h_padding=&#8220;0&#8243; top_padding=&#8220;2&#8243; bottom_padding=&#8220;2&#8243; overlay_alpha=&#8220;50&#8243; gutter_size=&#8220;3&#8243; column_width_percent=&#8220;100&#8243; shift_y=&#8220;0&#8243; z_index=&#8220;0&#8243;][vc_column column_width_percent=&#8220;100&#8243; align_horizontal=&#8220;align_center&#8220; expand_height=&#8220;yes&#8220; back_image=&#8220;67583&#8243; back_position=&#8220;center center&#8220; parallax=&#8220;yes&#8220; overlay_color=&#8220;color-jevc&#8220; overlay_alpha=&#8220;35&#8243; gutter_size=&#8220;3&#8243; medium_width=&#8220;0&#8243; mobile_width=&#8220;0&#8243; shift_x=&#8220;0&#8243; shift_y=&#8220;0&#8243; shift_y_down=&#8220;0&#8243; z_index=&#8220;0&#8243; width=&#8220;1\/1&#8243; mobile_height=&#8220;400&#8243;][\/vc_column][\/vc_row][vc_row row_height_percent=&#8220;0&#8243; override_padding=&#8220;yes&#8220; h_padding=&#8220;2&#8243; top_padding=&#8220;2&#8243; bottom_padding=&#8220;2&#8243; overlay_alpha=&#8220;50&#8243; gutter_size=&#8220;3&#8243; column_width_percent=&#8220;100&#8243; shift_y=&#8220;0&#8243; z_index=&#8220;0&#8243;][vc_column column_width_use_pixel=&#8220;yes&#8220; align_horizontal=&#8220;align_center&#8220; font_family=&#8220;font-202503&#8243; overlay_alpha=&#8220;50&#8243; gutter_size=&#8220;3&#8243; medium_width=&#8220;0&#8243; align_mobile=&#8220;align_center_mobile&#8220; mobile_width=&#8220;0&#8243; shift_x=&#8220;0&#8243; shift_y=&#8220;0&#8243; shift_y_down=&#8220;0&#8243; z_index=&#8220;0&#8243; width=&#8220;1\/1&#8243; column_width_pixel=&#8220;800&#8243;][vc_row_inner][vc_column_inner column_width_percent=&#8220;100&#8243; align_horizontal=&#8220;align_center&#8220; gutter_size=&#8220;2&#8243; overlay_alpha=&#8220;50&#8243; medium_width=&#8220;0&#8243; mobile_width=&#8220;0&#8243; shift_x=&#8220;0&#8243; shift_y=&#8220;0&#8243; shift_y_down=&#8220;0&#8243; z_index=&#8220;0&#8243; width=&#8220;1\/1&#8243;][vc_custom_heading heading_semantic=&#8220;h6&#8243; text_size=&#8220;fontsize-155944&#8243; text_space=&#8220;fontspace-111509&#8243; text_font=&#8220;font-202503&#8243; text_weight=&#8220;300&#8243; text_color=&#8220;color-wvjs&#8220;]\u3030[\/vc_custom_heading][vc_custom_heading heading_semantic=&#8220;h1&#8243; text_size=&#8220;h1&#8243; text_space=&#8220;fontspace-111509&#8243; text_font=&#8220;font-202503&#8243; text_weight=&#8220;300&#8243;]Gem\u00fcse und Gem\u00fcse<br \/>\ndes Marktes[\/vc_custom_heading][\/vc_column_inner][\/vc_row_inner][vc_column_text text_lead=&#8220;yes&#8220;]Wir verwenden ein ausgew\u00e4hltes Sortiment an Marktgem\u00fcse, wobei wir immer saisonale Produkte ausw\u00e4hlen.[\/vc_column_text][\/vc_column][\/vc_row][vc_row unlock_row_content=&#8220;yes&#8220; row_height_percent=&#8220;80&#8243; override_padding=&#8220;yes&#8220; h_padding=&#8220;0&#8243; top_padding=&#8220;2&#8243; bottom_padding=&#8220;0&#8243; overlay_alpha=&#8220;50&#8243; gutter_size=&#8220;3&#8243; column_width_percent=&#8220;100&#8243; shift_y=&#8220;0&#8243; z_index=&#8220;0&#8243;][vc_column column_width_percent=&#8220;100&#8243; align_horizontal=&#8220;align_center&#8220; expand_height=&#8220;yes&#8220; back_image=&#8220;67491&#8243; back_position=&#8220;center bottom&#8220; parallax=&#8220;yes&#8220; overlay_color=&#8220;color-jevc&#8220; overlay_alpha=&#8220;35&#8243; gutter_size=&#8220;3&#8243; medium_width=&#8220;0&#8243; mobile_width=&#8220;0&#8243; shift_x=&#8220;0&#8243; shift_y=&#8220;0&#8243; shift_y_down=&#8220;0&#8243; z_index=&#8220;0&#8243; width=&#8220;1\/1&#8243; mobile_height=&#8220;400&#8243;][\/vc_column][\/vc_row][vc_row row_height_percent=&#8220;0&#8243; back_color=&#8220;color-jevc&#8220; overlay_alpha=&#8220;50&#8243; gutter_size=&#8220;3&#8243; column_width_percent=&#8220;100&#8243; mobile_visibility=&#8220;yes&#8220; shift_y=&#8220;0&#8243; z_index=&#8220;0&#8243;][vc_column width=&#8220;1\/1&#8243;][vc_row_inner][vc_column_inner column_width_use_pixel=&#8220;yes&#8220; align_horizontal=&#8220;align_center&#8220; style=&#8220;dark&#8220; gutter_size=&#8220;3&#8243; overlay_alpha=&#8220;50&#8243; medium_width=&#8220;0&#8243; mobile_width=&#8220;0&#8243; shift_x=&#8220;0&#8243; shift_y=&#8220;0&#8243; shift_y_down=&#8220;0&#8243; z_index=&#8220;0&#8243; width=&#8220;1\/1&#8243; column_width_pixel=&#8220;800&#8243;][vc_custom_heading heading_semantic=&#8220;h1&#8243; text_size=&#8220;h1&#8243; text_space=&#8220;fontspace-111509&#8243; text_font=&#8220;font-202503&#8243; text_weight=&#8220;300&#8243; text_italic=&#8220;yes&#8220;]&#8220;Wir warten auf Sie im Humus Restaurant, um unsere K\u00fcche mit Ihnen zu probieren und zu teilen&#8220;[\/vc_custom_heading][\/vc_column_inner][\/vc_row_inner][vc_row_inner row_inner_height_percent=&#8220;0&#8243; overlay_alpha=&#8220;50&#8243; gutter_size=&#8220;3&#8243; mobile_visibility=&#8220;yes&#8220; shift_y=&#8220;0&#8243; z_index=&#8220;0&#8243;][vc_column_inner column_width_percent=&#8220;30&#8243; align_horizontal=&#8220;align_center&#8220; style=&#8220;dark&#8220; gutter_size=&#8220;3&#8243; overlay_alpha=&#8220;50&#8243; medium_width=&#8220;0&#8243; mobile_width=&#8220;0&#8243; shift_x=&#8220;0&#8243; shift_y=&#8220;0&#8243; shift_y_down=&#8220;0&#8243; z_index=&#8220;0&#8243; width=&#8220;1\/1&#8243;][vc_button button_color=&#8220;accent&#8220; size=&#8220;btn-xl&#8220; radius=&#8220;btn-circle&#8220; wide=&#8220;yes&#8220; border_width=&#8220;0&#8243; link=&#8220;url:http%3A%2F%2Frestaurantehumus.com%2Freservar-contacto|||&#8220;]MACHEN SIE EINE RESERVIERUNG[\/vc_button][\/vc_column_inner][\/vc_row_inner][\/vc_column][\/vc_row][vc_row row_height_percent=&#8220;0&#8243; back_color=&#8220;color-jevc&#8220; overlay_alpha=&#8220;50&#8243; gutter_size=&#8220;3&#8243; column_width_percent=&#8220;100&#8243; desktop_visibility=&#8220;yes&#8220; medium_visibility=&#8220;yes&#8220; shift_y=&#8220;0&#8243; z_index=&#8220;0&#8243;][vc_column column_width_percent=&#8220;100&#8243; position_vertical=&#8220;middle&#8220; align_horizontal=&#8220;align_center&#8220; overlay_alpha=&#8220;50&#8243; gutter_size=&#8220;3&#8243; medium_width=&#8220;0&#8243; mobile_width=&#8220;0&#8243; shift_x=&#8220;0&#8243; shift_y=&#8220;0&#8243; shift_y_down=&#8220;0&#8243; z_index=&#8220;0&#8243; width=&#8220;1\/1&#8243;][vc_row_inner][vc_column_inner column_width_use_pixel=&#8220;yes&#8220; align_horizontal=&#8220;align_center&#8220; style=&#8220;dark&#8220; gutter_size=&#8220;3&#8243; overlay_alpha=&#8220;50&#8243; medium_width=&#8220;0&#8243; mobile_width=&#8220;0&#8243; shift_x=&#8220;0&#8243; shift_y=&#8220;0&#8243; shift_y_down=&#8220;0&#8243; z_index=&#8220;0&#8243; width=&#8220;1\/1&#8243; column_width_pixel=&#8220;800&#8243;][vc_custom_heading heading_semantic=&#8220;h1&#8243; text_size=&#8220;h3&#8243; text_space=&#8220;fontspace-111509&#8243; text_font=&#8220;font-202503&#8243; text_weight=&#8220;300&#8243; text_italic=&#8220;yes&#8220;]&#8220;Wir warten auf Sie im Humus Restaurant, um unsere K\u00fcche mit Ihnen zu probieren und zu teilen&#8220;[\/vc_custom_heading][\/vc_column_inner][\/vc_row_inner][vc_row_inner row_inner_height_percent=&#8220;0&#8243; overlay_alpha=&#8220;50&#8243; gutter_size=&#8220;3&#8243; desktop_visibility=&#8220;yes&#8220; medium_visibility=&#8220;yes&#8220; shift_y=&#8220;0&#8243; z_index=&#8220;0&#8243;][vc_column_inner column_width_percent=&#8220;100&#8243; align_horizontal=&#8220;align_center&#8220; style=&#8220;dark&#8220; gutter_size=&#8220;3&#8243; overlay_alpha=&#8220;50&#8243; medium_width=&#8220;0&#8243; mobile_width=&#8220;0&#8243; shift_x=&#8220;0&#8243; shift_y=&#8220;0&#8243; shift_y_down=&#8220;0&#8243; z_index=&#8220;0&#8243; width=&#8220;1\/1&#8243;][vc_button button_color=&#8220;accent&#8220; size=&#8220;btn-xl&#8220; radius=&#8220;btn-circle&#8220; wide=&#8220;yes&#8220; border_width=&#8220;0&#8243; link=&#8220;url:http%3A%2F%2Frestaurantehumus.com%2Freservar-contacto|||&#8220;]MACHEN SIE EINE RESERVIERUNG[\/vc_button][\/vc_column_inner][\/vc_row_inner][\/vc_column][\/vc_row][vc_row][vc_column column_width_percent=&#8220;100&#8243; position_vertical=&#8220;middle&#8220; align_horizontal=&#8220;align_center&#8220; overlay_alpha=&#8220;50&#8243; gutter_size=&#8220;3&#8243; medium_width=&#8220;0&#8243; mobile_width=&#8220;0&#8243; shift_x=&#8220;0&#8243; shift_y=&#8220;0&#8243; shift_y_down=&#8220;0&#8243; z_index=&#8220;0&#8243; width=&#8220;1\/3&#8243;][vc_custom_heading heading_semantic=&#8220;h1&#8243; text_size=&#8220;h1&#8243; text_space=&#8220;fontspace-111509&#8243; text_font=&#8220;font-202503&#8243; text_weight=&#8220;300&#8243; text_italic=&#8220;yes&#8220; separator=&#8220;yes&#8220;]Folge uns auf Instagram[\/vc_custom_heading][vc_empty_space empty_h=&#8220;1&#8243;][vc_icon position=&#8220;left&#8220; display=&#8220;inline&#8220; icon=&#8220;fa fa-instagram&#8220; icon_color=&#8220;accent&#8220; size=&#8220;fa-3x&#8220; text_font=&#8220;font-202503&#8243; text_weight=&#8220;300&#8243; text_height=&#8220;fontheight-357766&#8243; linked_title=&#8220;yes&#8220; title=&#8220;@Restaurante_Humus&#8220; link=&#8220;url:https%3A%2F%2Fwww.instagram.com%2Frestaurante_humus%2F|||&#8220;][\/vc_icon][\/vc_column][vc_column width=&#8220;2\/3&#8243;][vc_gallery el_id=&#8220;gallery-151482&#8243; medias=&#8220;67228,67229,67230,67231,67236,67237&#8243; gutter_size=&#8220;2&#8243; media_items=&#8220;media|custom_link|original,caption,description&#8220; screen_lg=&#8220;480&#8243; screen_md=&#8220;480&#8243; screen_sm=&#8220;480&#8243; images_size=&#8220;three-four&#8220; single_overlay_opacity=&#8220;50&#8243; single_image_anim=&#8220;no&#8220; single_h_align=&#8220;center&#8220; single_padding=&#8220;3&#8243; single_title_dimension=&#8220;h3&#8243; single_title_family=&#8220;font-202503&#8243; single_title_weight=&#8220;400&#8243; single_title_space=&#8220;fontspace-781688&#8243; single_border=&#8220;yes&#8220; items=&#8220;eyI1NjY4OF9pIjp7InNpbmdsZV9pY29uIjoiIiwic2luZ2xlX3dpZHRoIjoiMTIiLCJpbWFnZXNfc2l6ZSI6InNpeHRlZW4tbmluZSJ9LCI1ODQ3MF9pIjp7InNpbmdsZV93aWR0aCI6IjEyIiwiaW1hZ2VzX3NpemUiOiJmb3VyLXRocmVlIn0sIjY3MjI4X2kiOnsic2luZ2xlX2xpbmsiOiJ1cmw6aHR0cHMlM0ElMkYlMkZ3d3cuaW5zdGFncmFtLmNvbSUyRnJlc3RhdXJhbnRlX2h1bXVzJTJGfHx8In0sIjY3MjM3X2kiOnsic2luZ2xlX2xpbmsiOiJ1cmw6aHR0cHMlM0ElMkYlMkZ3d3cuaW5zdGFncmFtLmNvbSUyRnJlc3RhdXJhbnRlX2h1bXVzJTJGfHx8In0sIjY3MjM2X2kiOnsic2luZ2xlX2xpbmsiOiJ1cmw6aHR0cHMlM0ElMkYlMkZ3d3cuaW5zdGFncmFtLmNvbSUyRnJlc3RhdXJhbnRlX2h1bXVzJTJGfHx8In0sIjY3MjMxX2kiOnsic2luZ2xlX2xpbmsiOiJ1cmw6aHR0cHMlM0ElMkYlMkZ3d3cuaW5zdGFncmFtLmNvbSUyRnJlc3RhdXJhbnRlX2h1bXVzJTJGfHx8In0sIjY3MjMwX2kiOnsic2luZ2xlX2xpbmsiOiJ1cmw6aHR0cHMlM0ElMkYlMkZ3d3cuaW5zdGFncmFtLmNvbSUyRnJlc3RhdXJhbnRlX2h1bXVzJTJGfHx8In0sIjY3MjI5X2kiOnsic2luZ2xlX2xpbmsiOiJ1cmw6aHR0cHMlM0ElMkYlMkZ3d3cuaW5zdGFncmFtLmNvbSUyRnJlc3RhdXJhbnRlX2h1bXVzJTJGfHx8In19&#8243;][\/vc_column][\/vc_row]<\/p>","protected":false},"excerpt":{"rendered":"<p>[vc_row unlock_row_content=&#8220;yes&#8220; row_height_percent=&#8220;0&#8243; override_padding=&#8220;yes&#8220; h_padding=&#8220;0&#8243; top_padding=&#8220;0&#8243; bottom_padding=&#8220;0&#8243; overlay_alpha=&#8220;50&#8243; gutter_size=&#8220;3&#8243; column_width_percent=&#8220;100&#8243; shift_y=&#8220;0&#8243; z_index=&#8220;0&#8243;][vc_column width=&#8220;1\/1&#8243;][\/vc_column][\/vc_row][vc_row row_height_percent=&#8220;0&#8243; override_padding=&#8220;yes&#8220; h_padding=&#8220;2&#8243; top_padding=&#8220;2&#8243; bottom_padding=&#8220;2&#8243; overlay_alpha=&#8220;50&#8243; gutter_size=&#8220;3&#8243; [&hellip;]<\/p>\n","protected":false},"author":1,"featured_media":0,"parent":0,"menu_order":0,"comment_status":"closed","ping_status":"closed","template":"","meta":{"_mi_skip_tracking":false},"_links":{"self":[{"href":"https:\/\/restaurantehumus.com\/de\/wp-json\/wp\/v2\/pages\/67360"}],"collection":[{"href":"https:\/\/restaurantehumus.com\/de\/wp-json\/wp\/v2\/pages"}],"about":[{"href":"https:\/\/restaurantehumus.com\/de\/wp-json\/wp\/v2\/types\/page"}],"author":[{"embeddable":true,"href":"https:\/\/restaurantehumus.com\/de\/wp-json\/wp\/v2\/users\/1"}],"replies":[{"embeddable":true,"href":"https:\/\/restaurantehumus.com\/de\/wp-json\/wp\/v2\/comments?post=67360"}],"version-history":[{"count":1,"href":"https:\/\/restaurantehumus.com\/de\/wp-json\/wp\/v2\/pages\/67360\/revisions"}],"predecessor-version":[{"id":68008,"href":"https:\/\/restaurantehumus.com\/de\/wp-json\/wp\/v2\/pages\/67360\/revisions\/68008"}],"wp:attachment":[{"href":"https:\/\/restaurantehumus.com\/de\/wp-json\/wp\/v2\/media?parent=67360"}],"curies":[{"name":"wp","href":"https:\/\/api.w.org\/{rel}","templated":true}]}}